{"id":17122,"date":"2026-03-19T16:53:38","date_gmt":"2026-03-19T15:53:38","guid":{"rendered":"https:\/\/suisselle.com\/?post_type=product&#038;p=17122"},"modified":"2026-03-31T10:51:21","modified_gmt":"2026-03-31T08:51:21","slug":"cell-dmx-drain-detox","status":"publish","type":"product","link":"https:\/\/suisselle.com\/de\/produkt\/cell-dmx-drain-detox\/","title":{"rendered":"CELL-DMX\u00ae DRAIN &#038; DETOX"},"content":{"rendered":"","protected":false},"excerpt":{"rendered":"<h4>[PEPTIDES + ARTICHOKE EXTRACT]<\/h4>\n<p>Entw\u00e4ssernder, Entgiftender &amp; Anti-M\u00fcdigkeits-Komplex F\u00fcr Gesicht, Hals, Augenpartie Und K\u00f6rperbereiche<\/p>\n","protected":false},"featured_media":16750,"comment_status":"closed","ping_status":"closed","template":"","meta":{"_acf_changed":false,"content-type":""},"product_brand":[],"product_cat":[58],"product_tag":[],"class_list":{"0":"post-17122","1":"product","2":"type-product","3":"status-publish","4":"has-post-thumbnail","6":"product_cat-uncategorised-de","8":"first","9":"instock","10":"shipping-taxable","11":"product-type-simple"},"acf":[],"_links":{"self":[{"href":"https:\/\/suisselle.com\/de\/wp-json\/wp\/v2\/product\/17122","targetHints":{"allow":["GET"]}}],"collection":[{"href":"https:\/\/suisselle.com\/de\/wp-json\/wp\/v2\/product"}],"about":[{"href":"https:\/\/suisselle.com\/de\/wp-json\/wp\/v2\/types\/product"}],"replies":[{"embeddable":true,"href":"https:\/\/suisselle.com\/de\/wp-json\/wp\/v2\/comments?post=17122"}],"wp:featuredmedia":[{"embeddable":true,"href":"https:\/\/suisselle.com\/de\/wp-json\/wp\/v2\/media\/16750"}],"wp:attachment":[{"href":"https:\/\/suisselle.com\/de\/wp-json\/wp\/v2\/media?parent=17122"}],"wp:term":[{"taxonomy":"product_brand","embeddable":true,"href":"https:\/\/suisselle.com\/de\/wp-json\/wp\/v2\/product_brand?post=17122"},{"taxonomy":"product_cat","embeddable":true,"href":"https:\/\/suisselle.com\/de\/wp-json\/wp\/v2\/product_cat?post=17122"},{"taxonomy":"product_tag","embeddable":true,"href":"https:\/\/suisselle.com\/de\/wp-json\/wp\/v2\/product_tag?post=17122"}],"curies":[{"name":"wp","href":"https:\/\/api.w.org\/{rel}","templated":true}]}}