{"id":17134,"date":"2026-03-27T11:42:27","date_gmt":"2026-03-27T10:42:27","guid":{"rendered":"https:\/\/suisselle.com\/?post_type=product&#038;p=17134"},"modified":"2026-03-31T10:49:44","modified_gmt":"2026-03-31T08:49:44","slug":"cell-dmx-oxygen-boost","status":"publish","type":"product","link":"https:\/\/suisselle.com\/de\/produkt\/cell-dmx-oxygen-boost\/","title":{"rendered":"CELL-DMX\u00ae OXYGEN BOOST"},"content":{"rendered":"","protected":false},"excerpt":{"rendered":"<h4>[HA + SUCCINATE]<\/h4>\n<p>Erm\u00fcdungshemmende &amp; Sauerstoffanreichernde Formel F\u00fcr Gesicht, Hals, Dekollet\u00e9 Und Augenpartie<\/p>\n","protected":false},"featured_media":16755,"comment_status":"open","ping_status":"closed","template":"","meta":{"_acf_changed":false,"content-type":""},"product_brand":[],"product_cat":[],"product_tag":[],"class_list":{"0":"post-17134","1":"product","2":"type-product","3":"status-publish","4":"has-post-thumbnail","7":"first","8":"instock","9":"shipping-taxable","10":"product-type-simple"},"acf":[],"_links":{"self":[{"href":"https:\/\/suisselle.com\/de\/wp-json\/wp\/v2\/product\/17134","targetHints":{"allow":["GET"]}}],"collection":[{"href":"https:\/\/suisselle.com\/de\/wp-json\/wp\/v2\/product"}],"about":[{"href":"https:\/\/suisselle.com\/de\/wp-json\/wp\/v2\/types\/product"}],"replies":[{"embeddable":true,"href":"https:\/\/suisselle.com\/de\/wp-json\/wp\/v2\/comments?post=17134"}],"wp:featuredmedia":[{"embeddable":true,"href":"https:\/\/suisselle.com\/de\/wp-json\/wp\/v2\/media\/16755"}],"wp:attachment":[{"href":"https:\/\/suisselle.com\/de\/wp-json\/wp\/v2\/media?parent=17134"}],"wp:term":[{"taxonomy":"product_brand","embeddable":true,"href":"https:\/\/suisselle.com\/de\/wp-json\/wp\/v2\/product_brand?post=17134"},{"taxonomy":"product_cat","embeddable":true,"href":"https:\/\/suisselle.com\/de\/wp-json\/wp\/v2\/product_cat?post=17134"},{"taxonomy":"product_tag","embeddable":true,"href":"https:\/\/suisselle.com\/de\/wp-json\/wp\/v2\/product_tag?post=17134"}],"curies":[{"name":"wp","href":"https:\/\/api.w.org\/{rel}","templated":true}]}}