{"id":3492,"date":"2022-03-17T13:50:55","date_gmt":"2022-03-17T13:50:55","guid":{"rendered":"https:\/\/site.suisselle.ch\/product\/apriline-hydro\/"},"modified":"2023-10-11T12:22:34","modified_gmt":"2023-10-11T11:22:34","slug":"apriline-hydro","status":"publish","type":"product","link":"https:\/\/suisselle.com\/de\/produkt\/apriline-hydro\/","title":{"rendered":"apriline\u00ae HYDRO"},"content":{"rendered":"","protected":false},"excerpt":{"rendered":"<p>Eine hautverbessernde Behandlung, die eine allgemeine Verbesserung der Textur, der Elastizit\u00e4t, der feinen F\u00e4ltchen und der Oberfl\u00e4che der Haut bewirkt.<\/p>\n","protected":false},"featured_media":2777,"comment_status":"closed","ping_status":"closed","template":"","meta":{"_acf_changed":false,"content-type":""},"product_brand":[],"product_cat":[58],"product_tag":[],"class_list":{"0":"post-3492","1":"product","2":"type-product","3":"status-publish","4":"has-post-thumbnail","6":"product_cat-uncategorised-de","8":"first","9":"instock","10":"shipping-taxable","11":"product-type-simple"},"acf":[],"_links":{"self":[{"href":"https:\/\/suisselle.com\/de\/wp-json\/wp\/v2\/product\/3492","targetHints":{"allow":["GET"]}}],"collection":[{"href":"https:\/\/suisselle.com\/de\/wp-json\/wp\/v2\/product"}],"about":[{"href":"https:\/\/suisselle.com\/de\/wp-json\/wp\/v2\/types\/product"}],"replies":[{"embeddable":true,"href":"https:\/\/suisselle.com\/de\/wp-json\/wp\/v2\/comments?post=3492"}],"wp:featuredmedia":[{"embeddable":true,"href":"https:\/\/suisselle.com\/de\/wp-json\/wp\/v2\/media\/2777"}],"wp:attachment":[{"href":"https:\/\/suisselle.com\/de\/wp-json\/wp\/v2\/media?parent=3492"}],"wp:term":[{"taxonomy":"product_brand","embeddable":true,"href":"https:\/\/suisselle.com\/de\/wp-json\/wp\/v2\/product_brand?post=3492"},{"taxonomy":"product_cat","embeddable":true,"href":"https:\/\/suisselle.com\/de\/wp-json\/wp\/v2\/product_cat?post=3492"},{"taxonomy":"product_tag","embeddable":true,"href":"https:\/\/suisselle.com\/de\/wp-json\/wp\/v2\/product_tag?post=3492"}],"curies":[{"name":"wp","href":"https:\/\/api.w.org\/{rel}","templated":true}]}}