{"id":17165,"date":"2026-03-19T16:34:36","date_gmt":"2026-03-19T15:34:36","guid":{"rendered":"https:\/\/suisselle.com\/?post_type=product&#038;p=17165"},"modified":"2026-03-31T11:01:02","modified_gmt":"2026-03-31T09:01:02","slug":"cell-dmx-youth-restore","status":"publish","type":"product","link":"https:\/\/suisselle.com\/es\/producto\/cell-dmx-youth-restore\/","title":{"rendered":"CELL-DMX\u00ae YOUTH RESTORE"},"content":{"rendered":"","protected":false},"excerpt":{"rendered":"<h4>[PDRN]<\/h4>\n<p>F\u00f3rmula de Regeneraci\u00f3n Celular y Recuperaci\u00f3n de la Juventud para Rostro, Cuello, Escote<\/p>\n","protected":false},"featured_media":16762,"comment_status":"closed","ping_status":"closed","template":"","meta":{"_acf_changed":false,"content-type":""},"product_brand":[],"product_cat":[47],"product_tag":[],"class_list":{"0":"post-17165","1":"product","2":"type-product","3":"status-publish","4":"has-post-thumbnail","6":"product_cat-uncategorised-es","8":"first","9":"instock","10":"shipping-taxable","11":"product-type-simple"},"acf":[],"_links":{"self":[{"href":"https:\/\/suisselle.com\/es\/wp-json\/wp\/v2\/product\/17165","targetHints":{"allow":["GET"]}}],"collection":[{"href":"https:\/\/suisselle.com\/es\/wp-json\/wp\/v2\/product"}],"about":[{"href":"https:\/\/suisselle.com\/es\/wp-json\/wp\/v2\/types\/product"}],"replies":[{"embeddable":true,"href":"https:\/\/suisselle.com\/es\/wp-json\/wp\/v2\/comments?post=17165"}],"wp:featuredmedia":[{"embeddable":true,"href":"https:\/\/suisselle.com\/es\/wp-json\/wp\/v2\/media\/16762"}],"wp:attachment":[{"href":"https:\/\/suisselle.com\/es\/wp-json\/wp\/v2\/media?parent=17165"}],"wp:term":[{"taxonomy":"product_brand","embeddable":true,"href":"https:\/\/suisselle.com\/es\/wp-json\/wp\/v2\/product_brand?post=17165"},{"taxonomy":"product_cat","embeddable":true,"href":"https:\/\/suisselle.com\/es\/wp-json\/wp\/v2\/product_cat?post=17165"},{"taxonomy":"product_tag","embeddable":true,"href":"https:\/\/suisselle.com\/es\/wp-json\/wp\/v2\/product_tag?post=17165"}],"curies":[{"name":"wp","href":"https:\/\/api.w.org\/{rel}","templated":true}]}}