{"id":1927,"date":"2022-03-17T11:51:49","date_gmt":"2022-03-17T10:51:49","guid":{"rendered":"https:\/\/site.suisselle.ch\/product\/cellbooster-shape\/"},"modified":"2026-04-15T14:35:13","modified_gmt":"2026-04-15T12:35:13","slug":"cellbooster-shape","status":"publish","type":"product","link":"https:\/\/suisselle.com\/es\/producto\/cellbooster-shape\/","title":{"rendered":"CELLBOOSTER\u00ae SHAPE"},"content":{"rendered":"","protected":false},"excerpt":{"rendered":"<p>Dispositivo dise\u00f1ado para reducir la acumulaci\u00f3n o dep\u00f3sitos de grasa localizada. Reduce la retenci\u00f3n de l\u00edquidos y disminuye la hinchaz\u00f3n al mejorar la microcirculaci\u00f3n y la hidrataci\u00f3n.<\/p>\n","protected":false},"featured_media":1123,"comment_status":"closed","ping_status":"closed","template":"","meta":{"_acf_changed":false,"content-type":""},"product_brand":[],"product_cat":[47],"product_tag":[],"class_list":{"0":"post-1927","1":"product","2":"type-product","3":"status-publish","4":"has-post-thumbnail","6":"product_cat-uncategorised-es","8":"first","9":"instock","10":"shipping-taxable","11":"product-type-simple"},"acf":[],"_links":{"self":[{"href":"https:\/\/suisselle.com\/es\/wp-json\/wp\/v2\/product\/1927","targetHints":{"allow":["GET"]}}],"collection":[{"href":"https:\/\/suisselle.com\/es\/wp-json\/wp\/v2\/product"}],"about":[{"href":"https:\/\/suisselle.com\/es\/wp-json\/wp\/v2\/types\/product"}],"replies":[{"embeddable":true,"href":"https:\/\/suisselle.com\/es\/wp-json\/wp\/v2\/comments?post=1927"}],"wp:featuredmedia":[{"embeddable":true,"href":"https:\/\/suisselle.com\/es\/wp-json\/wp\/v2\/media\/1123"}],"wp:attachment":[{"href":"https:\/\/suisselle.com\/es\/wp-json\/wp\/v2\/media?parent=1927"}],"wp:term":[{"taxonomy":"product_brand","embeddable":true,"href":"https:\/\/suisselle.com\/es\/wp-json\/wp\/v2\/product_brand?post=1927"},{"taxonomy":"product_cat","embeddable":true,"href":"https:\/\/suisselle.com\/es\/wp-json\/wp\/v2\/product_cat?post=1927"},{"taxonomy":"product_tag","embeddable":true,"href":"https:\/\/suisselle.com\/es\/wp-json\/wp\/v2\/product_tag?post=1927"}],"curies":[{"name":"wp","href":"https:\/\/api.w.org\/{rel}","templated":true}]}}