{"id":1928,"date":"2022-03-17T13:47:45","date_gmt":"2022-03-17T13:47:45","guid":{"rendered":"https:\/\/site.suisselle.ch\/product\/cellbooster-glow\/"},"modified":"2026-04-16T14:59:34","modified_gmt":"2026-04-16T12:59:34","slug":"cellbooster-glow","status":"publish","type":"product","link":"https:\/\/suisselle.com\/es\/producto\/cellbooster-glow\/","title":{"rendered":"CELLBOOSTER\u00ae GLOW"},"content":{"rendered":"","protected":false},"excerpt":{"rendered":"<p>F\u00f3rmula dise\u00f1ada para nutrir, hidratar y proporcionar una hidrataci\u00f3n profunda, que reduce la hiperpigmentaci\u00f3n y combate el estr\u00e9s oxidativo. Restaura la integridad estructural d\u00e9rmica, suaviza las arrugas y reduce los efectos de la queratosis.<\/p>\n","protected":false},"featured_media":1117,"comment_status":"closed","ping_status":"closed","template":"","meta":{"_acf_changed":false,"content-type":""},"product_brand":[],"product_cat":[47],"product_tag":[],"class_list":{"0":"post-1928","1":"product","2":"type-product","3":"status-publish","4":"has-post-thumbnail","6":"product_cat-uncategorised-es","8":"first","9":"instock","10":"shipping-taxable","11":"product-type-simple"},"acf":[],"_links":{"self":[{"href":"https:\/\/suisselle.com\/es\/wp-json\/wp\/v2\/product\/1928","targetHints":{"allow":["GET"]}}],"collection":[{"href":"https:\/\/suisselle.com\/es\/wp-json\/wp\/v2\/product"}],"about":[{"href":"https:\/\/suisselle.com\/es\/wp-json\/wp\/v2\/types\/product"}],"replies":[{"embeddable":true,"href":"https:\/\/suisselle.com\/es\/wp-json\/wp\/v2\/comments?post=1928"}],"wp:featuredmedia":[{"embeddable":true,"href":"https:\/\/suisselle.com\/es\/wp-json\/wp\/v2\/media\/1117"}],"wp:attachment":[{"href":"https:\/\/suisselle.com\/es\/wp-json\/wp\/v2\/media?parent=1928"}],"wp:term":[{"taxonomy":"product_brand","embeddable":true,"href":"https:\/\/suisselle.com\/es\/wp-json\/wp\/v2\/product_brand?post=1928"},{"taxonomy":"product_cat","embeddable":true,"href":"https:\/\/suisselle.com\/es\/wp-json\/wp\/v2\/product_cat?post=1928"},{"taxonomy":"product_tag","embeddable":true,"href":"https:\/\/suisselle.com\/es\/wp-json\/wp\/v2\/product_tag?post=1928"}],"curies":[{"name":"wp","href":"https:\/\/api.w.org\/{rel}","templated":true}]}}