{"id":1930,"date":"2022-03-17T13:48:51","date_gmt":"2022-03-17T13:48:51","guid":{"rendered":"https:\/\/site.suisselle.ch\/product\/cellbooster-hair\/"},"modified":"2026-04-16T14:11:37","modified_gmt":"2026-04-16T12:11:37","slug":"cellbooster-hair","status":"publish","type":"product","link":"https:\/\/suisselle.com\/es\/producto\/cellbooster-hair\/","title":{"rendered":"CELLBOOSTER\u00ae HAIR"},"content":{"rendered":"","protected":false},"excerpt":{"rendered":"<p>Dispositivo dise\u00f1ado para fortalecer los fol\u00edculos capilares, mejorar el crecimiento del cabello y la microcirculaci\u00f3n. Restaura la estructura del cuero cabelludo y proporciona la reestructuraci\u00f3n de la fibra capilar.<\/p>\n","protected":false},"featured_media":1119,"comment_status":"closed","ping_status":"closed","template":"","meta":{"_acf_changed":false,"content-type":""},"product_brand":[],"product_cat":[47],"product_tag":[],"class_list":{"0":"post-1930","1":"product","2":"type-product","3":"status-publish","4":"has-post-thumbnail","6":"product_cat-uncategorised-es","8":"first","9":"instock","10":"shipping-taxable","11":"product-type-simple"},"acf":[],"_links":{"self":[{"href":"https:\/\/suisselle.com\/es\/wp-json\/wp\/v2\/product\/1930","targetHints":{"allow":["GET"]}}],"collection":[{"href":"https:\/\/suisselle.com\/es\/wp-json\/wp\/v2\/product"}],"about":[{"href":"https:\/\/suisselle.com\/es\/wp-json\/wp\/v2\/types\/product"}],"replies":[{"embeddable":true,"href":"https:\/\/suisselle.com\/es\/wp-json\/wp\/v2\/comments?post=1930"}],"wp:featuredmedia":[{"embeddable":true,"href":"https:\/\/suisselle.com\/es\/wp-json\/wp\/v2\/media\/1119"}],"wp:attachment":[{"href":"https:\/\/suisselle.com\/es\/wp-json\/wp\/v2\/media?parent=1930"}],"wp:term":[{"taxonomy":"product_brand","embeddable":true,"href":"https:\/\/suisselle.com\/es\/wp-json\/wp\/v2\/product_brand?post=1930"},{"taxonomy":"product_cat","embeddable":true,"href":"https:\/\/suisselle.com\/es\/wp-json\/wp\/v2\/product_cat?post=1930"},{"taxonomy":"product_tag","embeddable":true,"href":"https:\/\/suisselle.com\/es\/wp-json\/wp\/v2\/product_tag?post=1930"}],"curies":[{"name":"wp","href":"https:\/\/api.w.org\/{rel}","templated":true}]}}