{"id":17069,"date":"2026-03-19T16:34:36","date_gmt":"2026-03-19T15:34:36","guid":{"rendered":"https:\/\/suisselle.com\/?post_type=product&#038;p=17069"},"modified":"2026-03-31T10:47:50","modified_gmt":"2026-03-31T08:47:50","slug":"cell-dmx-youth-restore","status":"publish","type":"product","link":"https:\/\/suisselle.com\/fr\/produit\/cell-dmx-youth-restore\/","title":{"rendered":"CELL-DMX\u00ae YOUTH RESTORE"},"content":{"rendered":"","protected":false},"excerpt":{"rendered":"<h4>[PDRN]<\/h4>\n<p>Formule de r\u00e9g\u00e9n\u00e9ration cellulaire et de restauration de la jeunesse pour le visage, le cou et le d\u00e9collet\u00e9<\/p>\n","protected":false},"featured_media":16759,"comment_status":"closed","ping_status":"closed","template":"","meta":{"_acf_changed":false,"content-type":""},"product_brand":[],"product_cat":[46],"product_tag":[],"class_list":{"0":"post-17069","1":"product","2":"type-product","3":"status-publish","4":"has-post-thumbnail","6":"product_cat-uncategorised-fr","8":"first","9":"instock","10":"shipping-taxable","11":"product-type-simple"},"acf":[],"_links":{"self":[{"href":"https:\/\/suisselle.com\/fr\/wp-json\/wp\/v2\/product\/17069","targetHints":{"allow":["GET"]}}],"collection":[{"href":"https:\/\/suisselle.com\/fr\/wp-json\/wp\/v2\/product"}],"about":[{"href":"https:\/\/suisselle.com\/fr\/wp-json\/wp\/v2\/types\/product"}],"replies":[{"embeddable":true,"href":"https:\/\/suisselle.com\/fr\/wp-json\/wp\/v2\/comments?post=17069"}],"wp:featuredmedia":[{"embeddable":true,"href":"https:\/\/suisselle.com\/fr\/wp-json\/wp\/v2\/media\/16759"}],"wp:attachment":[{"href":"https:\/\/suisselle.com\/fr\/wp-json\/wp\/v2\/media?parent=17069"}],"wp:term":[{"taxonomy":"product_brand","embeddable":true,"href":"https:\/\/suisselle.com\/fr\/wp-json\/wp\/v2\/product_brand?post=17069"},{"taxonomy":"product_cat","embeddable":true,"href":"https:\/\/suisselle.com\/fr\/wp-json\/wp\/v2\/product_cat?post=17069"},{"taxonomy":"product_tag","embeddable":true,"href":"https:\/\/suisselle.com\/fr\/wp-json\/wp\/v2\/product_tag?post=17069"}],"curies":[{"name":"wp","href":"https:\/\/api.w.org\/{rel}","templated":true}]}}