{"id":17168,"date":"2026-03-27T11:42:27","date_gmt":"2026-03-27T10:42:27","guid":{"rendered":"https:\/\/suisselle.com\/?post_type=product&#038;p=17168"},"modified":"2026-03-31T10:47:45","modified_gmt":"2026-03-31T08:47:45","slug":"cell-dmx-oxygen-boost","status":"publish","type":"product","link":"https:\/\/suisselle.com\/fr\/produit\/cell-dmx-oxygen-boost\/","title":{"rendered":"CELL-DMX\u00ae OXYGEN BOOST"},"content":{"rendered":"","protected":false},"excerpt":{"rendered":"<h4>[HA + SUCCINATE]<\/h4>\n<p>Formule de r\u00e9g\u00e9n\u00e9ration cellulaire et de restauration de la jeunesse pour le visage, le cou et le d\u00e9collet\u00e9<\/p>\n","protected":false},"featured_media":16754,"comment_status":"closed","ping_status":"closed","template":"","meta":{"_acf_changed":false,"content-type":""},"product_brand":[],"product_cat":[],"product_tag":[],"class_list":{"0":"post-17168","1":"product","2":"type-product","3":"status-publish","4":"has-post-thumbnail","7":"first","8":"instock","9":"shipping-taxable","10":"product-type-simple"},"acf":[],"_links":{"self":[{"href":"https:\/\/suisselle.com\/fr\/wp-json\/wp\/v2\/product\/17168","targetHints":{"allow":["GET"]}}],"collection":[{"href":"https:\/\/suisselle.com\/fr\/wp-json\/wp\/v2\/product"}],"about":[{"href":"https:\/\/suisselle.com\/fr\/wp-json\/wp\/v2\/types\/product"}],"replies":[{"embeddable":true,"href":"https:\/\/suisselle.com\/fr\/wp-json\/wp\/v2\/comments?post=17168"}],"wp:featuredmedia":[{"embeddable":true,"href":"https:\/\/suisselle.com\/fr\/wp-json\/wp\/v2\/media\/16754"}],"wp:attachment":[{"href":"https:\/\/suisselle.com\/fr\/wp-json\/wp\/v2\/media?parent=17168"}],"wp:term":[{"taxonomy":"product_brand","embeddable":true,"href":"https:\/\/suisselle.com\/fr\/wp-json\/wp\/v2\/product_brand?post=17168"},{"taxonomy":"product_cat","embeddable":true,"href":"https:\/\/suisselle.com\/fr\/wp-json\/wp\/v2\/product_cat?post=17168"},{"taxonomy":"product_tag","embeddable":true,"href":"https:\/\/suisselle.com\/fr\/wp-json\/wp\/v2\/product_tag?post=17168"}],"curies":[{"name":"wp","href":"https:\/\/api.w.org\/{rel}","templated":true}]}}