{"id":17271,"date":"2026-04-01T12:19:40","date_gmt":"2026-04-01T10:19:40","guid":{"rendered":"https:\/\/suisselle.com\/?post_type=product&#038;p=17271"},"modified":"2026-04-08T16:18:49","modified_gmt":"2026-04-08T14:18:49","slug":"cell-exo-youth","status":"publish","type":"product","link":"https:\/\/suisselle.com\/fr\/produit\/cell-exo-youth\/","title":{"rendered":"CELL-EXO\u00ae YOUTH"},"content":{"rendered":"","protected":false},"excerpt":{"rendered":"<h4>Solution st\u00e9rile avanc\u00e9e enrichie en exosomes \u2013 Activation de la jeunesse, \u00e9clat et r\u00e9g\u00e9n\u00e9ration cellulaire<\/h4>\n","protected":false},"featured_media":17274,"comment_status":"closed","ping_status":"closed","template":"","meta":{"_acf_changed":false,"content-type":""},"product_brand":[],"product_cat":[46],"product_tag":[],"class_list":{"0":"post-17271","1":"product","2":"type-product","3":"status-publish","4":"has-post-thumbnail","6":"product_cat-uncategorised-fr","8":"first","9":"instock","10":"shipping-taxable","11":"product-type-simple"},"acf":[],"_links":{"self":[{"href":"https:\/\/suisselle.com\/fr\/wp-json\/wp\/v2\/product\/17271","targetHints":{"allow":["GET"]}}],"collection":[{"href":"https:\/\/suisselle.com\/fr\/wp-json\/wp\/v2\/product"}],"about":[{"href":"https:\/\/suisselle.com\/fr\/wp-json\/wp\/v2\/types\/product"}],"replies":[{"embeddable":true,"href":"https:\/\/suisselle.com\/fr\/wp-json\/wp\/v2\/comments?post=17271"}],"wp:featuredmedia":[{"embeddable":true,"href":"https:\/\/suisselle.com\/fr\/wp-json\/wp\/v2\/media\/17274"}],"wp:attachment":[{"href":"https:\/\/suisselle.com\/fr\/wp-json\/wp\/v2\/media?parent=17271"}],"wp:term":[{"taxonomy":"product_brand","embeddable":true,"href":"https:\/\/suisselle.com\/fr\/wp-json\/wp\/v2\/product_brand?post=17271"},{"taxonomy":"product_cat","embeddable":true,"href":"https:\/\/suisselle.com\/fr\/wp-json\/wp\/v2\/product_cat?post=17271"},{"taxonomy":"product_tag","embeddable":true,"href":"https:\/\/suisselle.com\/fr\/wp-json\/wp\/v2\/product_tag?post=17271"}],"curies":[{"name":"wp","href":"https:\/\/api.w.org\/{rel}","templated":true}]}}