{"id":17368,"date":"2026-04-01T12:44:30","date_gmt":"2026-04-01T10:44:30","guid":{"rendered":"https:\/\/suisselle.com\/?post_type=product&#038;p=17368"},"modified":"2026-04-08T16:18:04","modified_gmt":"2026-04-08T14:18:04","slug":"cell-exo-hair","status":"publish","type":"product","link":"https:\/\/suisselle.com\/fr\/produit\/cell-exo-hair\/","title":{"rendered":"CELL-EXO\u00ae HAIR"},"content":{"rendered":"","protected":false},"excerpt":{"rendered":"<h4>\u00ab\u00a0Hydrate en profondeur, prot\u00e8ge le cuir chevelu et aide \u00e0 am\u00e9liorer le volume des cheveux et la vitalit\u00e9 du cuir chevelu.\u00a0\u00bb<\/h4>\n","protected":false},"featured_media":17286,"comment_status":"closed","ping_status":"closed","template":"","meta":{"_acf_changed":false,"content-type":""},"product_brand":[],"product_cat":[46],"product_tag":[],"class_list":{"0":"post-17368","1":"product","2":"type-product","3":"status-publish","4":"has-post-thumbnail","6":"product_cat-uncategorised-fr","8":"first","9":"instock","10":"shipping-taxable","11":"product-type-simple"},"acf":[],"_links":{"self":[{"href":"https:\/\/suisselle.com\/fr\/wp-json\/wp\/v2\/product\/17368","targetHints":{"allow":["GET"]}}],"collection":[{"href":"https:\/\/suisselle.com\/fr\/wp-json\/wp\/v2\/product"}],"about":[{"href":"https:\/\/suisselle.com\/fr\/wp-json\/wp\/v2\/types\/product"}],"replies":[{"embeddable":true,"href":"https:\/\/suisselle.com\/fr\/wp-json\/wp\/v2\/comments?post=17368"}],"wp:featuredmedia":[{"embeddable":true,"href":"https:\/\/suisselle.com\/fr\/wp-json\/wp\/v2\/media\/17286"}],"wp:attachment":[{"href":"https:\/\/suisselle.com\/fr\/wp-json\/wp\/v2\/media?parent=17368"}],"wp:term":[{"taxonomy":"product_brand","embeddable":true,"href":"https:\/\/suisselle.com\/fr\/wp-json\/wp\/v2\/product_brand?post=17368"},{"taxonomy":"product_cat","embeddable":true,"href":"https:\/\/suisselle.com\/fr\/wp-json\/wp\/v2\/product_cat?post=17368"},{"taxonomy":"product_tag","embeddable":true,"href":"https:\/\/suisselle.com\/fr\/wp-json\/wp\/v2\/product_tag?post=17368"}],"curies":[{"name":"wp","href":"https:\/\/api.w.org\/{rel}","templated":true}]}}