{"id":1923,"date":"2022-03-17T13:50:17","date_gmt":"2022-03-17T13:50:17","guid":{"rendered":"https:\/\/site.suisselle.ch\/product\/apriline-normal\/"},"modified":"2023-10-11T12:11:43","modified_gmt":"2023-10-11T11:11:43","slug":"apriline-normal","status":"publish","type":"product","link":"https:\/\/suisselle.com\/fr\/produit\/apriline-normal\/","title":{"rendered":"apriline\u00ae NORMAL"},"content":{"rendered":"","protected":false},"excerpt":{"rendered":"<p>Un produit de comblement universel: mod\u00e8re les traits et les rides sur toutes les zones du visage. \u00c9galement disponible avec de la LIDOCA\u00cfNE.<\/p>\n","protected":false},"featured_media":1126,"comment_status":"closed","ping_status":"closed","template":"","meta":{"_acf_changed":false,"content-type":""},"product_brand":[],"product_cat":[46],"product_tag":[],"class_list":{"0":"post-1923","1":"product","2":"type-product","3":"status-publish","4":"has-post-thumbnail","6":"product_cat-uncategorised-fr","8":"first","9":"instock","10":"shipping-taxable","11":"product-type-simple"},"acf":[],"_links":{"self":[{"href":"https:\/\/suisselle.com\/fr\/wp-json\/wp\/v2\/product\/1923","targetHints":{"allow":["GET"]}}],"collection":[{"href":"https:\/\/suisselle.com\/fr\/wp-json\/wp\/v2\/product"}],"about":[{"href":"https:\/\/suisselle.com\/fr\/wp-json\/wp\/v2\/types\/product"}],"replies":[{"embeddable":true,"href":"https:\/\/suisselle.com\/fr\/wp-json\/wp\/v2\/comments?post=1923"}],"wp:featuredmedia":[{"embeddable":true,"href":"https:\/\/suisselle.com\/fr\/wp-json\/wp\/v2\/media\/1126"}],"wp:attachment":[{"href":"https:\/\/suisselle.com\/fr\/wp-json\/wp\/v2\/media?parent=1923"}],"wp:term":[{"taxonomy":"product_brand","embeddable":true,"href":"https:\/\/suisselle.com\/fr\/wp-json\/wp\/v2\/product_brand?post=1923"},{"taxonomy":"product_cat","embeddable":true,"href":"https:\/\/suisselle.com\/fr\/wp-json\/wp\/v2\/product_cat?post=1923"},{"taxonomy":"product_tag","embeddable":true,"href":"https:\/\/suisselle.com\/fr\/wp-json\/wp\/v2\/product_tag?post=1923"}],"curies":[{"name":"wp","href":"https:\/\/api.w.org\/{rel}","templated":true}]}}