{"id":1925,"date":"2022-03-17T13:47:45","date_gmt":"2022-03-17T12:47:45","guid":{"rendered":"https:\/\/site.suisselle.ch\/product\/cellbooster-glow\/"},"modified":"2026-04-16T14:48:50","modified_gmt":"2026-04-16T12:48:50","slug":"cellbooster-glow","status":"publish","type":"product","link":"https:\/\/suisselle.com\/fr\/produit\/cellbooster-glow\/","title":{"rendered":"CELLBOOSTER\u00ae GLOW"},"content":{"rendered":"","protected":false},"excerpt":{"rendered":"<p>Formule con\u00e7ue pour nourrir, hydrater et offrir une hydratation profonde, qui r\u00e9duit l\u2019hyperpigmentation et lutte contre le stress oxydatif. Elle restaure l\u2019int\u00e9grit\u00e9 structurelle du derme, neutralise les radicaux libres et r\u00e9duit les effets de la k\u00e9ratose.<\/p>\n","protected":false},"featured_media":1116,"comment_status":"closed","ping_status":"closed","template":"","meta":{"_acf_changed":false,"content-type":""},"product_brand":[],"product_cat":[46],"product_tag":[],"class_list":{"0":"post-1925","1":"product","2":"type-product","3":"status-publish","4":"has-post-thumbnail","6":"product_cat-uncategorised-fr","8":"first","9":"instock","10":"shipping-taxable","11":"product-type-simple"},"acf":[],"_links":{"self":[{"href":"https:\/\/suisselle.com\/fr\/wp-json\/wp\/v2\/product\/1925","targetHints":{"allow":["GET"]}}],"collection":[{"href":"https:\/\/suisselle.com\/fr\/wp-json\/wp\/v2\/product"}],"about":[{"href":"https:\/\/suisselle.com\/fr\/wp-json\/wp\/v2\/types\/product"}],"replies":[{"embeddable":true,"href":"https:\/\/suisselle.com\/fr\/wp-json\/wp\/v2\/comments?post=1925"}],"wp:featuredmedia":[{"embeddable":true,"href":"https:\/\/suisselle.com\/fr\/wp-json\/wp\/v2\/media\/1116"}],"wp:attachment":[{"href":"https:\/\/suisselle.com\/fr\/wp-json\/wp\/v2\/media?parent=1925"}],"wp:term":[{"taxonomy":"product_brand","embeddable":true,"href":"https:\/\/suisselle.com\/fr\/wp-json\/wp\/v2\/product_brand?post=1925"},{"taxonomy":"product_cat","embeddable":true,"href":"https:\/\/suisselle.com\/fr\/wp-json\/wp\/v2\/product_cat?post=1925"},{"taxonomy":"product_tag","embeddable":true,"href":"https:\/\/suisselle.com\/fr\/wp-json\/wp\/v2\/product_tag?post=1925"}],"curies":[{"name":"wp","href":"https:\/\/api.w.org\/{rel}","templated":true}]}}