{"id":1938,"date":"2022-03-17T13:48:20","date_gmt":"2022-03-17T12:48:20","guid":{"rendered":"https:\/\/site.suisselle.ch\/product\/cellbooster-lift\/"},"modified":"2026-04-16T15:34:48","modified_gmt":"2026-04-16T13:34:48","slug":"cellbooster-lift","status":"publish","type":"product","link":"https:\/\/suisselle.com\/fr\/produit\/cellbooster-lift\/","title":{"rendered":"CELLBOOSTER\u00ae LIFT"},"content":{"rendered":"","protected":false},"excerpt":{"rendered":"<p>Dispositif con\u00e7u pour diminuer les effets du vieillissement en comblant les tissus mous, en pr\u00e9venant le stress oxydatif et en apportant une hydratation profonde. Il stimule la production de collag\u00e8ne, am\u00e9liore la microcirculation et la nutrition cellulaire.<\/p>\n","protected":false},"featured_media":1120,"comment_status":"closed","ping_status":"closed","template":"","meta":{"_acf_changed":false,"content-type":""},"product_brand":[],"product_cat":[46],"product_tag":[],"class_list":{"0":"post-1938","1":"product","2":"type-product","3":"status-publish","4":"has-post-thumbnail","6":"product_cat-uncategorised-fr","8":"first","9":"instock","10":"shipping-taxable","11":"product-type-simple"},"acf":[],"_links":{"self":[{"href":"https:\/\/suisselle.com\/fr\/wp-json\/wp\/v2\/product\/1938","targetHints":{"allow":["GET"]}}],"collection":[{"href":"https:\/\/suisselle.com\/fr\/wp-json\/wp\/v2\/product"}],"about":[{"href":"https:\/\/suisselle.com\/fr\/wp-json\/wp\/v2\/types\/product"}],"replies":[{"embeddable":true,"href":"https:\/\/suisselle.com\/fr\/wp-json\/wp\/v2\/comments?post=1938"}],"wp:featuredmedia":[{"embeddable":true,"href":"https:\/\/suisselle.com\/fr\/wp-json\/wp\/v2\/media\/1120"}],"wp:attachment":[{"href":"https:\/\/suisselle.com\/fr\/wp-json\/wp\/v2\/media?parent=1938"}],"wp:term":[{"taxonomy":"product_brand","embeddable":true,"href":"https:\/\/suisselle.com\/fr\/wp-json\/wp\/v2\/product_brand?post=1938"},{"taxonomy":"product_cat","embeddable":true,"href":"https:\/\/suisselle.com\/fr\/wp-json\/wp\/v2\/product_cat?post=1938"},{"taxonomy":"product_tag","embeddable":true,"href":"https:\/\/suisselle.com\/fr\/wp-json\/wp\/v2\/product_tag?post=1938"}],"curies":[{"name":"wp","href":"https:\/\/api.w.org\/{rel}","templated":true}]}}